{"id":96,"date":"2023-05-05T15:29:41","date_gmt":"2023-05-05T13:29:41","guid":{"rendered":"https:\/\/atelierdespetitessouris.com\/?page_id=96"},"modified":"2023-05-08T16:53:52","modified_gmt":"2023-05-08T14:53:52","slug":"dessin","status":"publish","type":"page","link":"https:\/\/atelierdespetitessouris.com\/index.php\/dessin\/","title":{"rendered":"Dessin"},"content":{"rendered":"\n<h1 class=\"wp-block-heading\">Ateliers de dessin avec la M\u00e9thode Helguy<\/h1>\n\n\n\n<p><\/p>\n\n\n\n<div class=\"wp-block-columns is-layout-flex wp-container-core-columns-is-layout-28f84493 wp-block-columns-is-layout-flex\">\n<div class=\"wp-block-column is-layout-flow wp-block-column-is-layout-flow\" style=\"flex-basis:33.33%\"><div class=\"wp-block-image\">\n<figure class=\"alignleft size-large\"><img loading=\"lazy\" decoding=\"async\" width=\"1024\" height=\"771\" src=\"https:\/\/atelierdespetitessouris.com\/wp-content\/uploads\/2023\/05\/IMG_20230303_180707-1024x771.jpg\" alt=\"\" class=\"wp-image-106\" srcset=\"https:\/\/atelierdespetitessouris.com\/wp-content\/uploads\/2023\/05\/IMG_20230303_180707-1024x771.jpg 1024w, https:\/\/atelierdespetitessouris.com\/wp-content\/uploads\/2023\/05\/IMG_20230303_180707-300x226.jpg 300w, https:\/\/atelierdespetitessouris.com\/wp-content\/uploads\/2023\/05\/IMG_20230303_180707-768x578.jpg 768w, https:\/\/atelierdespetitessouris.com\/wp-content\/uploads\/2023\/05\/IMG_20230303_180707-1536x1157.jpg 1536w, https:\/\/atelierdespetitessouris.com\/wp-content\/uploads\/2023\/05\/IMG_20230303_180707-2048x1542.jpg 2048w\" sizes=\"auto, (max-width: 1024px) 100vw, 1024px\" \/><\/figure>\n<\/div><\/div>\n\n\n\n<div class=\"wp-block-column is-layout-flow wp-block-column-is-layout-flow\" style=\"flex-basis:66.66%\">\n<p><\/p>\n\n\n\n<div style=\"height:36px\" aria-hidden=\"true\" class=\"wp-block-spacer\"><\/div>\n\n\n\n<p><\/p>\n\n\n\n<p><\/p>\n\n\n\n<p>La m\u00e9thode Helguy, ou m\u00e9thode de dessin libre \u00e0 grande \u00e9chelle ex\u00e9cut\u00e9e au pinceau, a \u00e9t\u00e9 invent\u00e9e par L&rsquo;artiste peintre, d\u00e9coratrice et p\u00e9dagogue H\u00e9l\u00e8ne Guinepied en 1920. <\/p>\n\n\n\n<p>Initialement la m\u00e9thode s&rsquo;adresse aux enfants et sera pratiqu\u00e9e dans de nombreuses \u00e9coles entre 1920 et 1935. Cette p\u00e9dagogie s&rsquo;inscrit dans le mouvement de l&rsquo;\u00e9ducation nouvelle qui \u00e9merge \u00e0 cette \u00e9poque. H\u00e9l\u00e8ne Guinepied cr\u00e9\u00e9 \u00e9galement un atelier sur Paris o\u00f9 la m\u00e9thode sera pratiqu\u00e9e par des adultes.<\/p>\n\n\n\n<p>La M\u00e9thode s&rsquo;adresse \u00e0 des personnes n&rsquo;ayant jamais dessin\u00e9 ou \u00e0 des d\u00e9butants. Elle se caract\u00e9rise par un acc\u00e9s facile \u00e0 la pratique du dessin. A l&rsquo;issue de l&rsquo;atelier vous repartez avec votre oeuvre. <\/p>\n\n\n\n<p><\/p>\n\n\n\n<p><\/p>\n<\/div>\n<\/div>\n\n\n\n<figure class=\"wp-block-gallery has-nested-images columns-default is-cropped wp-block-gallery-1 is-layout-flex wp-block-gallery-is-layout-flex\">\n<figure class=\"wp-block-image size-large\"><img loading=\"lazy\" decoding=\"async\" width=\"1024\" height=\"771\" data-id=\"102\" src=\"https:\/\/atelierdespetitessouris.com\/wp-content\/uploads\/2023\/05\/Dessin-fini-1-1024x771.jpg\" alt=\"\" class=\"wp-image-102\" srcset=\"https:\/\/atelierdespetitessouris.com\/wp-content\/uploads\/2023\/05\/Dessin-fini-1-1024x771.jpg 1024w, https:\/\/atelierdespetitessouris.com\/wp-content\/uploads\/2023\/05\/Dessin-fini-1-300x226.jpg 300w, https:\/\/atelierdespetitessouris.com\/wp-content\/uploads\/2023\/05\/Dessin-fini-1-768x578.jpg 768w, https:\/\/atelierdespetitessouris.com\/wp-content\/uploads\/2023\/05\/Dessin-fini-1-1536x1157.jpg 1536w, https:\/\/atelierdespetitessouris.com\/wp-content\/uploads\/2023\/05\/Dessin-fini-1-2048x1542.jpg 2048w\" sizes=\"auto, (max-width: 1024px) 100vw, 1024px\" \/><\/figure>\n\n\n\n<figure class=\"wp-block-image size-large\"><img loading=\"lazy\" decoding=\"async\" width=\"1024\" height=\"771\" data-id=\"103\" src=\"https:\/\/atelierdespetitessouris.com\/wp-content\/uploads\/2023\/05\/IMG_20230426_161128-1024x771.jpg\" alt=\"\" class=\"wp-image-103\" srcset=\"https:\/\/atelierdespetitessouris.com\/wp-content\/uploads\/2023\/05\/IMG_20230426_161128-1024x771.jpg 1024w, https:\/\/atelierdespetitessouris.com\/wp-content\/uploads\/2023\/05\/IMG_20230426_161128-300x226.jpg 300w, https:\/\/atelierdespetitessouris.com\/wp-content\/uploads\/2023\/05\/IMG_20230426_161128-768x578.jpg 768w, https:\/\/atelierdespetitessouris.com\/wp-content\/uploads\/2023\/05\/IMG_20230426_161128-1536x1157.jpg 1536w, https:\/\/atelierdespetitessouris.com\/wp-content\/uploads\/2023\/05\/IMG_20230426_161128-2048x1542.jpg 2048w\" sizes=\"auto, (max-width: 1024px) 100vw, 1024px\" \/><\/figure>\n\n\n\n<figure class=\"wp-block-image size-large\"><img loading=\"lazy\" decoding=\"async\" width=\"1024\" height=\"771\" data-id=\"99\" src=\"https:\/\/atelierdespetitessouris.com\/wp-content\/uploads\/2023\/05\/IMG_20230325_164554-1024x771.jpg\" alt=\"\" class=\"wp-image-99\" srcset=\"https:\/\/atelierdespetitessouris.com\/wp-content\/uploads\/2023\/05\/IMG_20230325_164554-1024x771.jpg 1024w, https:\/\/atelierdespetitessouris.com\/wp-content\/uploads\/2023\/05\/IMG_20230325_164554-300x226.jpg 300w, https:\/\/atelierdespetitessouris.com\/wp-content\/uploads\/2023\/05\/IMG_20230325_164554-768x578.jpg 768w, https:\/\/atelierdespetitessouris.com\/wp-content\/uploads\/2023\/05\/IMG_20230325_164554-1536x1157.jpg 1536w, https:\/\/atelierdespetitessouris.com\/wp-content\/uploads\/2023\/05\/IMG_20230325_164554-2048x1542.jpg 2048w\" sizes=\"auto, (max-width: 1024px) 100vw, 1024px\" \/><\/figure>\n\n\n\n<figure class=\"wp-block-image size-large\"><img loading=\"lazy\" decoding=\"async\" width=\"1024\" height=\"771\" data-id=\"118\" src=\"https:\/\/atelierdespetitessouris.com\/wp-content\/uploads\/2023\/05\/dessin-fini-3-1024x771.jpg\" alt=\"\" class=\"wp-image-118\" srcset=\"https:\/\/atelierdespetitessouris.com\/wp-content\/uploads\/2023\/05\/dessin-fini-3-1024x771.jpg 1024w, https:\/\/atelierdespetitessouris.com\/wp-content\/uploads\/2023\/05\/dessin-fini-3-300x226.jpg 300w, https:\/\/atelierdespetitessouris.com\/wp-content\/uploads\/2023\/05\/dessin-fini-3-768x578.jpg 768w, https:\/\/atelierdespetitessouris.com\/wp-content\/uploads\/2023\/05\/dessin-fini-3-1536x1157.jpg 1536w, https:\/\/atelierdespetitessouris.com\/wp-content\/uploads\/2023\/05\/dessin-fini-3-2048x1542.jpg 2048w\" sizes=\"auto, (max-width: 1024px) 100vw, 1024px\" \/><\/figure>\n\n\n\n<figure class=\"wp-block-image size-large\"><img loading=\"lazy\" decoding=\"async\" width=\"1024\" height=\"771\" data-id=\"122\" src=\"https:\/\/atelierdespetitessouris.com\/wp-content\/uploads\/2023\/05\/IMG_20230325_161531-1024x771.jpg\" alt=\"\" class=\"wp-image-122\" srcset=\"https:\/\/atelierdespetitessouris.com\/wp-content\/uploads\/2023\/05\/IMG_20230325_161531-1024x771.jpg 1024w, https:\/\/atelierdespetitessouris.com\/wp-content\/uploads\/2023\/05\/IMG_20230325_161531-300x226.jpg 300w, https:\/\/atelierdespetitessouris.com\/wp-content\/uploads\/2023\/05\/IMG_20230325_161531-768x578.jpg 768w, https:\/\/atelierdespetitessouris.com\/wp-content\/uploads\/2023\/05\/IMG_20230325_161531-1536x1157.jpg 1536w, https:\/\/atelierdespetitessouris.com\/wp-content\/uploads\/2023\/05\/IMG_20230325_161531-2048x1542.jpg 2048w\" sizes=\"auto, (max-width: 1024px) 100vw, 1024px\" \/><\/figure>\n\n\n\n<figure class=\"wp-block-image size-large\"><img loading=\"lazy\" decoding=\"async\" width=\"1024\" height=\"771\" data-id=\"121\" src=\"https:\/\/atelierdespetitessouris.com\/wp-content\/uploads\/2023\/05\/IMG_20230325_164322-1-1024x771.jpg\" alt=\"\" class=\"wp-image-121\" srcset=\"https:\/\/atelierdespetitessouris.com\/wp-content\/uploads\/2023\/05\/IMG_20230325_164322-1-1024x771.jpg 1024w, https:\/\/atelierdespetitessouris.com\/wp-content\/uploads\/2023\/05\/IMG_20230325_164322-1-300x226.jpg 300w, https:\/\/atelierdespetitessouris.com\/wp-content\/uploads\/2023\/05\/IMG_20230325_164322-1-768x578.jpg 768w, https:\/\/atelierdespetitessouris.com\/wp-content\/uploads\/2023\/05\/IMG_20230325_164322-1-1536x1157.jpg 1536w, https:\/\/atelierdespetitessouris.com\/wp-content\/uploads\/2023\/05\/IMG_20230325_164322-1-2048x1542.jpg 2048w\" sizes=\"auto, (max-width: 1024px) 100vw, 1024px\" \/><\/figure>\n\n\n\n<figure class=\"wp-block-image size-large\"><img loading=\"lazy\" decoding=\"async\" width=\"1024\" height=\"771\" data-id=\"119\" src=\"https:\/\/atelierdespetitessouris.com\/wp-content\/uploads\/2023\/05\/dessin-fini-2-1024x771.jpg\" alt=\"\" class=\"wp-image-119\" srcset=\"https:\/\/atelierdespetitessouris.com\/wp-content\/uploads\/2023\/05\/dessin-fini-2-1024x771.jpg 1024w, https:\/\/atelierdespetitessouris.com\/wp-content\/uploads\/2023\/05\/dessin-fini-2-300x226.jpg 300w, https:\/\/atelierdespetitessouris.com\/wp-content\/uploads\/2023\/05\/dessin-fini-2-768x578.jpg 768w, https:\/\/atelierdespetitessouris.com\/wp-content\/uploads\/2023\/05\/dessin-fini-2-1536x1157.jpg 1536w, https:\/\/atelierdespetitessouris.com\/wp-content\/uploads\/2023\/05\/dessin-fini-2-2048x1542.jpg 2048w\" sizes=\"auto, (max-width: 1024px) 100vw, 1024px\" \/><\/figure>\n\n\n\n<figure class=\"wp-block-image size-large\"><img loading=\"lazy\" decoding=\"async\" width=\"1024\" height=\"771\" data-id=\"107\" src=\"https:\/\/atelierdespetitessouris.com\/wp-content\/uploads\/2023\/05\/atelier-26.04-2-1024x771.jpg\" alt=\"\" class=\"wp-image-107\" srcset=\"https:\/\/atelierdespetitessouris.com\/wp-content\/uploads\/2023\/05\/atelier-26.04-2-1024x771.jpg 1024w, https:\/\/atelierdespetitessouris.com\/wp-content\/uploads\/2023\/05\/atelier-26.04-2-300x226.jpg 300w, https:\/\/atelierdespetitessouris.com\/wp-content\/uploads\/2023\/05\/atelier-26.04-2-768x578.jpg 768w, https:\/\/atelierdespetitessouris.com\/wp-content\/uploads\/2023\/05\/atelier-26.04-2-1536x1157.jpg 1536w, https:\/\/atelierdespetitessouris.com\/wp-content\/uploads\/2023\/05\/atelier-26.04-2-2048x1542.jpg 2048w\" sizes=\"auto, (max-width: 1024px) 100vw, 1024px\" \/><\/figure>\n\n\n\n<figure class=\"wp-block-image size-large\"><img loading=\"lazy\" decoding=\"async\" width=\"1024\" height=\"771\" data-id=\"108\" src=\"https:\/\/atelierdespetitessouris.com\/wp-content\/uploads\/2023\/05\/atelier-26.04-3-1024x771.jpg\" alt=\"\" class=\"wp-image-108\" srcset=\"https:\/\/atelierdespetitessouris.com\/wp-content\/uploads\/2023\/05\/atelier-26.04-3-1024x771.jpg 1024w, https:\/\/atelierdespetitessouris.com\/wp-content\/uploads\/2023\/05\/atelier-26.04-3-300x226.jpg 300w, https:\/\/atelierdespetitessouris.com\/wp-content\/uploads\/2023\/05\/atelier-26.04-3-768x578.jpg 768w, https:\/\/atelierdespetitessouris.com\/wp-content\/uploads\/2023\/05\/atelier-26.04-3-1536x1157.jpg 1536w, https:\/\/atelierdespetitessouris.com\/wp-content\/uploads\/2023\/05\/atelier-26.04-3-2048x1542.jpg 2048w\" sizes=\"auto, (max-width: 1024px) 100vw, 1024px\" \/><\/figure>\n\n\n\n<figure class=\"wp-block-image size-large\"><img loading=\"lazy\" decoding=\"async\" width=\"1024\" height=\"771\" data-id=\"109\" src=\"https:\/\/atelierdespetitessouris.com\/wp-content\/uploads\/2023\/05\/IMG_20230325_142515-1024x771.jpg\" alt=\"\" class=\"wp-image-109\" srcset=\"https:\/\/atelierdespetitessouris.com\/wp-content\/uploads\/2023\/05\/IMG_20230325_142515-1024x771.jpg 1024w, https:\/\/atelierdespetitessouris.com\/wp-content\/uploads\/2023\/05\/IMG_20230325_142515-300x226.jpg 300w, https:\/\/atelierdespetitessouris.com\/wp-content\/uploads\/2023\/05\/IMG_20230325_142515-768x578.jpg 768w, https:\/\/atelierdespetitessouris.com\/wp-content\/uploads\/2023\/05\/IMG_20230325_142515-1536x1157.jpg 1536w, https:\/\/atelierdespetitessouris.com\/wp-content\/uploads\/2023\/05\/IMG_20230325_142515-2048x1542.jpg 2048w\" sizes=\"auto, (max-width: 1024px) 100vw, 1024px\" \/><\/figure>\n\n\n\n<figure class=\"wp-block-image size-large\"><img loading=\"lazy\" decoding=\"async\" width=\"1024\" height=\"771\" data-id=\"110\" src=\"https:\/\/atelierdespetitessouris.com\/wp-content\/uploads\/2023\/05\/IMG_20230325_150754-1024x771.jpg\" alt=\"\" class=\"wp-image-110\" srcset=\"https:\/\/atelierdespetitessouris.com\/wp-content\/uploads\/2023\/05\/IMG_20230325_150754-1024x771.jpg 1024w, https:\/\/atelierdespetitessouris.com\/wp-content\/uploads\/2023\/05\/IMG_20230325_150754-300x226.jpg 300w, https:\/\/atelierdespetitessouris.com\/wp-content\/uploads\/2023\/05\/IMG_20230325_150754-768x578.jpg 768w, https:\/\/atelierdespetitessouris.com\/wp-content\/uploads\/2023\/05\/IMG_20230325_150754-1536x1157.jpg 1536w, https:\/\/atelierdespetitessouris.com\/wp-content\/uploads\/2023\/05\/IMG_20230325_150754-2048x1542.jpg 2048w\" sizes=\"auto, (max-width: 1024px) 100vw, 1024px\" \/><\/figure>\n<\/figure>\n\n\n\n<div style=\"height:100px\" aria-hidden=\"true\" class=\"wp-block-spacer\"><\/div>\n","protected":false},"excerpt":{"rendered":"<p>Ateliers de dessin avec la M\u00e9thode Helguy La m\u00e9thode Helguy, ou m\u00e9thode de dessin libre \u00e0 grande \u00e9chelle ex\u00e9cut\u00e9e au&hellip;<\/p>\n","protected":false},"author":1,"featured_media":0,"parent":0,"menu_order":0,"comment_status":"closed","ping_status":"closed","template":"","meta":{"footnotes":""},"class_list":["post-96","page","type-page","status-publish","hentry"],"_links":{"self":[{"href":"https:\/\/atelierdespetitessouris.com\/index.php\/wp-json\/wp\/v2\/pages\/96","targetHints":{"allow":["GET"]}}],"collection":[{"href":"https:\/\/atelierdespetitessouris.com\/index.php\/wp-json\/wp\/v2\/pages"}],"about":[{"href":"https:\/\/atelierdespetitessouris.com\/index.php\/wp-json\/wp\/v2\/types\/page"}],"author":[{"embeddable":true,"href":"https:\/\/atelierdespetitessouris.com\/index.php\/wp-json\/wp\/v2\/users\/1"}],"replies":[{"embeddable":true,"href":"https:\/\/atelierdespetitessouris.com\/index.php\/wp-json\/wp\/v2\/comments?post=96"}],"version-history":[{"count":12,"href":"https:\/\/atelierdespetitessouris.com\/index.php\/wp-json\/wp\/v2\/pages\/96\/revisions"}],"predecessor-version":[{"id":187,"href":"https:\/\/atelierdespetitessouris.com\/index.php\/wp-json\/wp\/v2\/pages\/96\/revisions\/187"}],"wp:attachment":[{"href":"https:\/\/atelierdespetitessouris.com\/index.php\/wp-json\/wp\/v2\/media?parent=96"}],"curies":[{"name":"wp","href":"https:\/\/api.w.org\/{rel}","templated":true}]}}