{"id":92,"date":"2023-05-05T14:03:14","date_gmt":"2023-05-05T12:03:14","guid":{"rendered":"https:\/\/atelierdespetitessouris.com\/?page_id=92"},"modified":"2025-09-25T12:35:06","modified_gmt":"2025-09-25T10:35:06","slug":"les-ateliers","status":"publish","type":"page","link":"https:\/\/atelierdespetitessouris.com\/index.php\/les-ateliers\/","title":{"rendered":"Les ateliers"},"content":{"rendered":"\n<p class=\"has-text-align-left\">Les ateliers de loisirs cr\u00e9atifs et de dessin s&rsquo;adressent aux adultes, aux adolescents et aux enfants. Je propose \u00e9galement des ateliers famille.<\/p>\n\n\n\n<p class=\"has-text-align-left\">Tout le mat\u00e9riel est fourni et vous repartez avec votre cr\u00e9ation \u00e0 l&rsquo;issue de l&rsquo;atelier.<\/p>\n\n\n\n<p class=\"has-text-align-left\">Je propose des ateliers  dont vous pouvez consulter les prochaines dates et tarifs sur la page agenda. <\/p>\n\n\n\n<p class=\"has-text-align-left\">Je peux \u00e9galement animer un atelier sur votre demande et me d\u00e9placer \u00e0 votre domicile. Je peux intervenir pour des particuliers, des professionnels, des associations, des collectivit\u00e9s, des \u00e9tablissements de sant\u00e9, etc. Pour ces ateliers sur mesure me contacter pour une offre personalis\u00e9e.<\/p>\n\n\n\n<div style=\"height:29px\" aria-hidden=\"true\" class=\"wp-block-spacer\"><\/div>\n\n\n\n<figure class=\"wp-block-gallery has-nested-images columns-default is-cropped wp-block-gallery-1 is-layout-flex wp-block-gallery-is-layout-flex\">\n<figure class=\"wp-block-image size-full is-style-rounded\"><img loading=\"lazy\" decoding=\"async\" width=\"640\" height=\"480\" data-id=\"138\" src=\"https:\/\/atelierdespetitessouris.com\/wp-content\/uploads\/2023\/05\/IMG_2574.jpg\" alt=\"\" class=\"wp-image-138\" srcset=\"https:\/\/atelierdespetitessouris.com\/wp-content\/uploads\/2023\/05\/IMG_2574.jpg 640w, https:\/\/atelierdespetitessouris.com\/wp-content\/uploads\/2023\/05\/IMG_2574-300x225.jpg 300w\" sizes=\"auto, (max-width: 640px) 100vw, 640px\" \/><figcaption class=\"wp-element-caption\">Ateliers enfants<\/figcaption><\/figure>\n\n\n\n<figure class=\"wp-block-image size-full is-style-rounded\"><img loading=\"lazy\" decoding=\"async\" width=\"480\" height=\"640\" data-id=\"145\" src=\"https:\/\/atelierdespetitessouris.com\/wp-content\/uploads\/2023\/05\/1-rotated.jpg\" alt=\"\" class=\"wp-image-145\" srcset=\"https:\/\/atelierdespetitessouris.com\/wp-content\/uploads\/2023\/05\/1-rotated.jpg 480w, https:\/\/atelierdespetitessouris.com\/wp-content\/uploads\/2023\/05\/1-225x300.jpg 225w\" sizes=\"auto, (max-width: 480px) 100vw, 480px\" \/><figcaption class=\"wp-element-caption\">Ateliers en maison de retraite<\/figcaption><\/figure>\n\n\n\n<figure class=\"wp-block-image size-large is-style-rounded\"><img loading=\"lazy\" decoding=\"async\" width=\"1024\" height=\"771\" data-id=\"143\" src=\"https:\/\/atelierdespetitessouris.com\/wp-content\/uploads\/2023\/05\/IMG_20230303_153453-1024x771.jpg\" alt=\"\" class=\"wp-image-143\" srcset=\"https:\/\/atelierdespetitessouris.com\/wp-content\/uploads\/2023\/05\/IMG_20230303_153453-1024x771.jpg 1024w, https:\/\/atelierdespetitessouris.com\/wp-content\/uploads\/2023\/05\/IMG_20230303_153453-300x226.jpg 300w, https:\/\/atelierdespetitessouris.com\/wp-content\/uploads\/2023\/05\/IMG_20230303_153453-768x578.jpg 768w, https:\/\/atelierdespetitessouris.com\/wp-content\/uploads\/2023\/05\/IMG_20230303_153453-1536x1157.jpg 1536w, https:\/\/atelierdespetitessouris.com\/wp-content\/uploads\/2023\/05\/IMG_20230303_153453-2048x1542.jpg 2048w\" sizes=\"auto, (max-width: 1024px) 100vw, 1024px\" \/><figcaption class=\"wp-element-caption\">Atelier en maison de retraite : les lapins en pompons<\/figcaption><\/figure>\n\n\n\n<figure class=\"wp-block-image size-full is-style-rounded\"><img loading=\"lazy\" decoding=\"async\" width=\"640\" height=\"480\" data-id=\"147\" src=\"https:\/\/atelierdespetitessouris.com\/wp-content\/uploads\/2023\/05\/IMG_2765.jpg\" alt=\"\" class=\"wp-image-147\" srcset=\"https:\/\/atelierdespetitessouris.com\/wp-content\/uploads\/2023\/05\/IMG_2765.jpg 640w, https:\/\/atelierdespetitessouris.com\/wp-content\/uploads\/2023\/05\/IMG_2765-300x225.jpg 300w\" sizes=\"auto, (max-width: 640px) 100vw, 640px\" \/><figcaption class=\"wp-element-caption\">Atelier en maison de retraite : r\u00e9alisation de fleurs en papier cr\u00e9pon<\/figcaption><\/figure>\n\n\n\n<figure class=\"wp-block-image size-full is-style-rounded\"><img loading=\"lazy\" decoding=\"async\" width=\"480\" height=\"640\" data-id=\"150\" src=\"https:\/\/atelierdespetitessouris.com\/wp-content\/uploads\/2023\/05\/IMG_2778-rotated.jpg\" alt=\"\" class=\"wp-image-150\" srcset=\"https:\/\/atelierdespetitessouris.com\/wp-content\/uploads\/2023\/05\/IMG_2778-rotated.jpg 480w, https:\/\/atelierdespetitessouris.com\/wp-content\/uploads\/2023\/05\/IMG_2778-225x300.jpg 225w\" sizes=\"auto, (max-width: 480px) 100vw, 480px\" \/><figcaption class=\"wp-element-caption\">Atelier en maison de retraite : r\u00e9alisation d&rsquo;un chien avec collage de diff\u00e9rents mat\u00e9riaux<\/figcaption><\/figure>\n\n\n\n<figure class=\"wp-block-image size-large is-style-rounded\"><img loading=\"lazy\" decoding=\"async\" width=\"768\" height=\"1024\" data-id=\"20\" src=\"https:\/\/atelierdespetitessouris.com\/wp-content\/uploads\/2023\/03\/toile-avec-collage-768x1024.jpg\" alt=\"\" class=\"wp-image-20\" srcset=\"https:\/\/atelierdespetitessouris.com\/wp-content\/uploads\/2023\/03\/toile-avec-collage-768x1024.jpg 768w, https:\/\/atelierdespetitessouris.com\/wp-content\/uploads\/2023\/03\/toile-avec-collage-225x300.jpg 225w, https:\/\/atelierdespetitessouris.com\/wp-content\/uploads\/2023\/03\/toile-avec-collage-1152x1536.jpg 1152w, https:\/\/atelierdespetitessouris.com\/wp-content\/uploads\/2023\/03\/toile-avec-collage-1536x2048.jpg 1536w, https:\/\/atelierdespetitessouris.com\/wp-content\/uploads\/2023\/03\/toile-avec-collage-scaled.jpg 1920w\" sizes=\"auto, (max-width: 768px) 100vw, 768px\" \/><figcaption class=\"wp-element-caption\">Le chien termin\u00e9<\/figcaption><\/figure>\n<\/figure>\n\n\n\n<div style=\"height:100px\" aria-hidden=\"true\" class=\"wp-block-spacer\"><\/div>\n","protected":false},"excerpt":{"rendered":"<p>Les ateliers de loisirs cr\u00e9atifs et de dessin s&rsquo;adressent aux adultes, aux adolescents et aux enfants. Je propose \u00e9galement des&hellip;<\/p>\n","protected":false},"author":1,"featured_media":0,"parent":0,"menu_order":0,"comment_status":"closed","ping_status":"closed","template":"","meta":{"footnotes":""},"class_list":["post-92","page","type-page","status-publish","hentry"],"_links":{"self":[{"href":"https:\/\/atelierdespetitessouris.com\/index.php\/wp-json\/wp\/v2\/pages\/92","targetHints":{"allow":["GET"]}}],"collection":[{"href":"https:\/\/atelierdespetitessouris.com\/index.php\/wp-json\/wp\/v2\/pages"}],"about":[{"href":"https:\/\/atelierdespetitessouris.com\/index.php\/wp-json\/wp\/v2\/types\/page"}],"author":[{"embeddable":true,"href":"https:\/\/atelierdespetitessouris.com\/index.php\/wp-json\/wp\/v2\/users\/1"}],"replies":[{"embeddable":true,"href":"https:\/\/atelierdespetitessouris.com\/index.php\/wp-json\/wp\/v2\/comments?post=92"}],"version-history":[{"count":6,"href":"https:\/\/atelierdespetitessouris.com\/index.php\/wp-json\/wp\/v2\/pages\/92\/revisions"}],"predecessor-version":[{"id":248,"href":"https:\/\/atelierdespetitessouris.com\/index.php\/wp-json\/wp\/v2\/pages\/92\/revisions\/248"}],"wp:attachment":[{"href":"https:\/\/atelierdespetitessouris.com\/index.php\/wp-json\/wp\/v2\/media?parent=92"}],"curies":[{"name":"wp","href":"https:\/\/api.w.org\/{rel}","templated":true}]}}