{"id":67,"date":"2023-03-08T16:04:20","date_gmt":"2023-03-08T15:04:20","guid":{"rendered":"https:\/\/atelierdespetitessouris.com\/?page_id=67"},"modified":"2025-09-25T12:20:07","modified_gmt":"2025-09-25T10:20:07","slug":"a-propos-de-latelier-des-petites-souris","status":"publish","type":"page","link":"https:\/\/atelierdespetitessouris.com\/index.php\/a-propos-de-latelier-des-petites-souris\/","title":{"rendered":"A propos"},"content":{"rendered":"\n<p><\/p>\n\n\n\n<div class=\"wp-block-columns is-layout-flex wp-container-core-columns-is-layout-28f84493 wp-block-columns-is-layout-flex\">\n<div class=\"wp-block-column is-layout-flow wp-block-column-is-layout-flow\"><div class=\"wp-block-image\">\n<figure class=\"aligncenter size-full is-resized\"><img loading=\"lazy\" decoding=\"async\" width=\"480\" height=\"640\" src=\"https:\/\/atelierdespetitessouris.com\/wp-content\/uploads\/2023\/05\/IMG_2592-1-rotated.jpg\" alt=\"\" class=\"wp-image-207\" style=\"width:290px;height:387px\" srcset=\"https:\/\/atelierdespetitessouris.com\/wp-content\/uploads\/2023\/05\/IMG_2592-1-rotated.jpg 480w, https:\/\/atelierdespetitessouris.com\/wp-content\/uploads\/2023\/05\/IMG_2592-1-225x300.jpg 225w\" sizes=\"auto, (max-width: 480px) 100vw, 480px\" \/><\/figure>\n<\/div><\/div>\n\n\n\n<div class=\"wp-block-column is-layout-flow wp-block-column-is-layout-flow\">\n<p>J&rsquo;ai toujours aim\u00e9 les activit\u00e9s manuelles et artistiques. J&rsquo;ai explor\u00e9 diff\u00e9rents domaines en autodidacte ou par des cours : chant, contes, dessin, modelage, marqueterie, carterie&#8230;<\/p>\n\n\n\n<p>J&rsquo;ai suivi une formation \u00e0 la p\u00e9dagogie Montessori. Le champ d&rsquo;action est diff\u00e9rent avec les loisirs cr\u00e9atifs, n\u00e9anmoins cela me sert aujourd&rsquo;hui dans mon approche p\u00e9dagogique que se soit avec les enfants ou avec les adultes.<\/p>\n\n\n\n<p>Pendant sept ans j&rsquo;ai fait des animations musicales  en maisons de convalescence et en maisons de retraite, notamment en unit\u00e9 de vie ferm\u00e9e. J&rsquo;ai \u00e9galement gard\u00e9 des enfants. A cette occasion je leur proposais des ateliers de loisirs cr\u00e9atifs.<\/p>\n\n\n\n<p>J&rsquo;ai beaucoup appr\u00e9ci\u00e9 ces moments de partage et c&rsquo;est ce qui m&rsquo;a donn\u00e9 envie de cr\u00e9er l&rsquo;Atelier Des Petites Souris.<\/p>\n\n\n\n<p>J&rsquo;anime depuis plusieurs mois des ateliers de loisirs cr\u00e9atifs en EPHAD mais aussi des ateliers ponctuels pour adultes.<\/p>\n\n\n\n<p>J&rsquo;ai \u00e9t\u00e9 form\u00e9e \u00e0 la M\u00e9thode Helguy et je suis agr\u00e9e animatrice \u00ab\u00a0Atelier Helguy\u00a0\u00bb.<\/p>\n\n\n\n<p>En juin 2025, j&rsquo;obtiens une licence d&rsquo;Arts Plastiques \u00e0 l&rsquo;Ecole des Arts de la Sorbonne \u00e0 Paris.<\/p>\n<\/div>\n<\/div>\n","protected":false},"excerpt":{"rendered":"<p>J&rsquo;ai toujours aim\u00e9 les activit\u00e9s manuelles et artistiques. J&rsquo;ai explor\u00e9 diff\u00e9rents domaines en autodidacte ou par des cours : chant,&hellip;<\/p>\n","protected":false},"author":1,"featured_media":0,"parent":0,"menu_order":0,"comment_status":"closed","ping_status":"closed","template":"","meta":{"footnotes":""},"class_list":["post-67","page","type-page","status-publish","hentry"],"_links":{"self":[{"href":"https:\/\/atelierdespetitessouris.com\/index.php\/wp-json\/wp\/v2\/pages\/67","targetHints":{"allow":["GET"]}}],"collection":[{"href":"https:\/\/atelierdespetitessouris.com\/index.php\/wp-json\/wp\/v2\/pages"}],"about":[{"href":"https:\/\/atelierdespetitessouris.com\/index.php\/wp-json\/wp\/v2\/types\/page"}],"author":[{"embeddable":true,"href":"https:\/\/atelierdespetitessouris.com\/index.php\/wp-json\/wp\/v2\/users\/1"}],"replies":[{"embeddable":true,"href":"https:\/\/atelierdespetitessouris.com\/index.php\/wp-json\/wp\/v2\/comments?post=67"}],"version-history":[{"count":5,"href":"https:\/\/atelierdespetitessouris.com\/index.php\/wp-json\/wp\/v2\/pages\/67\/revisions"}],"predecessor-version":[{"id":234,"href":"https:\/\/atelierdespetitessouris.com\/index.php\/wp-json\/wp\/v2\/pages\/67\/revisions\/234"}],"wp:attachment":[{"href":"https:\/\/atelierdespetitessouris.com\/index.php\/wp-json\/wp\/v2\/media?parent=67"}],"curies":[{"name":"wp","href":"https:\/\/api.w.org\/{rel}","templated":true}]}}