{"id":31,"date":"2023-03-08T14:06:18","date_gmt":"2023-03-08T13:06:18","guid":{"rendered":"https:\/\/atelierdespetitessouris.com\/?page_id=31"},"modified":"2025-09-25T12:41:09","modified_gmt":"2025-09-25T10:41:09","slug":"ateliers-de-loisirs-creatifs","status":"publish","type":"page","link":"https:\/\/atelierdespetitessouris.com\/","title":{"rendered":"Accueil"},"content":{"rendered":"\n<h1 class=\"wp-block-heading\">Ateliers de Loisirs Cr\u00e9atifs<\/h1>\n\n\n\n<figure class=\"wp-block-gallery has-nested-images columns-default is-cropped wp-block-gallery-1 is-layout-flex wp-block-gallery-is-layout-flex\">\n<figure class=\"wp-block-image size-large is-style-rounded\"><img loading=\"lazy\" decoding=\"async\" width=\"690\" height=\"1024\" data-id=\"252\" src=\"https:\/\/atelierdespetitessouris.com\/wp-content\/uploads\/2025\/09\/1758731417734-1-690x1024.jpg\" alt=\"\" class=\"wp-image-252\" srcset=\"https:\/\/atelierdespetitessouris.com\/wp-content\/uploads\/2025\/09\/1758731417734-1-690x1024.jpg 690w, https:\/\/atelierdespetitessouris.com\/wp-content\/uploads\/2025\/09\/1758731417734-1-202x300.jpg 202w, https:\/\/atelierdespetitessouris.com\/wp-content\/uploads\/2025\/09\/1758731417734-1-768x1139.jpg 768w, https:\/\/atelierdespetitessouris.com\/wp-content\/uploads\/2025\/09\/1758731417734-1-1035x1536.jpg 1035w, https:\/\/atelierdespetitessouris.com\/wp-content\/uploads\/2025\/09\/1758731417734-1-1380x2048.jpg 1380w, https:\/\/atelierdespetitessouris.com\/wp-content\/uploads\/2025\/09\/1758731417734-1-scaled.jpg 1725w\" sizes=\"auto, (max-width: 690px) 100vw, 690px\" \/><\/figure>\n\n\n\n<figure class=\"wp-block-image size-large is-style-rounded\"><img loading=\"lazy\" decoding=\"async\" width=\"711\" height=\"1024\" data-id=\"256\" src=\"https:\/\/atelierdespetitessouris.com\/wp-content\/uploads\/2025\/09\/IMG_20250925_111815-1-711x1024.jpg\" alt=\"\" class=\"wp-image-256\" srcset=\"https:\/\/atelierdespetitessouris.com\/wp-content\/uploads\/2025\/09\/IMG_20250925_111815-1-711x1024.jpg 711w, https:\/\/atelierdespetitessouris.com\/wp-content\/uploads\/2025\/09\/IMG_20250925_111815-1-208x300.jpg 208w, https:\/\/atelierdespetitessouris.com\/wp-content\/uploads\/2025\/09\/IMG_20250925_111815-1-768x1106.jpg 768w, https:\/\/atelierdespetitessouris.com\/wp-content\/uploads\/2025\/09\/IMG_20250925_111815-1-1066x1536.jpg 1066w, https:\/\/atelierdespetitessouris.com\/wp-content\/uploads\/2025\/09\/IMG_20250925_111815-1-1422x2048.jpg 1422w, https:\/\/atelierdespetitessouris.com\/wp-content\/uploads\/2025\/09\/IMG_20250925_111815-1-scaled.jpg 1777w\" sizes=\"auto, (max-width: 711px) 100vw, 711px\" \/><\/figure>\n\n\n\n<figure class=\"wp-block-image size-large is-style-rounded\"><img loading=\"lazy\" decoding=\"async\" width=\"777\" height=\"1024\" data-id=\"258\" src=\"https:\/\/atelierdespetitessouris.com\/wp-content\/uploads\/2025\/09\/1758731417716-2-777x1024.jpg\" alt=\"\" class=\"wp-image-258\" srcset=\"https:\/\/atelierdespetitessouris.com\/wp-content\/uploads\/2025\/09\/1758731417716-2-777x1024.jpg 777w, https:\/\/atelierdespetitessouris.com\/wp-content\/uploads\/2025\/09\/1758731417716-2-228x300.jpg 228w, https:\/\/atelierdespetitessouris.com\/wp-content\/uploads\/2025\/09\/1758731417716-2-768x1013.jpg 768w, https:\/\/atelierdespetitessouris.com\/wp-content\/uploads\/2025\/09\/1758731417716-2-1165x1536.jpg 1165w, https:\/\/atelierdespetitessouris.com\/wp-content\/uploads\/2025\/09\/1758731417716-2-1553x2048.jpg 1553w, https:\/\/atelierdespetitessouris.com\/wp-content\/uploads\/2025\/09\/1758731417716-2-scaled.jpg 1941w\" sizes=\"auto, (max-width: 777px) 100vw, 777px\" \/><\/figure>\n<\/figure>\n\n\n\n<div style=\"height:33px\" aria-hidden=\"true\" class=\"wp-block-spacer\"><\/div>\n\n\n\n<p class=\"has-text-align-center has-medium-font-size\">Venez vous immerger dans un atelier de loisirs cr\u00e9atifs et profiter d&rsquo;un moment ludique et convivial o\u00f9 vous pourrez exprimer votre cr\u00e9ativit\u00e9. Venez go\u00fbter au plaisir de faire de vos mains autour du travail du papier ou dans la cr\u00e9ation d&rsquo;un objet avec de la laine, de la feutrine, des mat\u00e9riaux recycl\u00e9s ou des \u00e9l\u00e9ments de la nature.<\/p>\n\n\n\n<p class=\"has-text-align-center has-medium-font-size\">Si le dessin vous tente et que vous n&rsquo;avez jamais dessin\u00e9 ou os\u00e9 franchir le pas ou si vous \u00eates d\u00e9butants, je propose des Ateliers de dessin M\u00e9thode Helguy.<\/p>\n\n\n\n<div style=\"height:100px\" aria-hidden=\"true\" class=\"wp-block-spacer\"><\/div>\n","protected":false},"excerpt":{"rendered":"<p>Ateliers de Loisirs Cr\u00e9atifs Venez vous immerger dans un atelier de loisirs cr\u00e9atifs et profiter d&rsquo;un moment ludique et convivial&hellip;<\/p>\n","protected":false},"author":1,"featured_media":0,"parent":0,"menu_order":0,"comment_status":"closed","ping_status":"closed","template":"","meta":{"footnotes":""},"class_list":["post-31","page","type-page","status-publish","hentry"],"_links":{"self":[{"href":"https:\/\/atelierdespetitessouris.com\/index.php\/wp-json\/wp\/v2\/pages\/31","targetHints":{"allow":["GET"]}}],"collection":[{"href":"https:\/\/atelierdespetitessouris.com\/index.php\/wp-json\/wp\/v2\/pages"}],"about":[{"href":"https:\/\/atelierdespetitessouris.com\/index.php\/wp-json\/wp\/v2\/types\/page"}],"author":[{"embeddable":true,"href":"https:\/\/atelierdespetitessouris.com\/index.php\/wp-json\/wp\/v2\/users\/1"}],"replies":[{"embeddable":true,"href":"https:\/\/atelierdespetitessouris.com\/index.php\/wp-json\/wp\/v2\/comments?post=31"}],"version-history":[{"count":12,"href":"https:\/\/atelierdespetitessouris.com\/index.php\/wp-json\/wp\/v2\/pages\/31\/revisions"}],"predecessor-version":[{"id":260,"href":"https:\/\/atelierdespetitessouris.com\/index.php\/wp-json\/wp\/v2\/pages\/31\/revisions\/260"}],"wp:attachment":[{"href":"https:\/\/atelierdespetitessouris.com\/index.php\/wp-json\/wp\/v2\/media?parent=31"}],"curies":[{"name":"wp","href":"https:\/\/api.w.org\/{rel}","templated":true}]}}