{"id":202,"date":"2023-05-25T12:27:43","date_gmt":"2023-05-25T10:27:43","guid":{"rendered":"https:\/\/atelierdespetitessouris.com\/?page_id=202"},"modified":"2023-05-26T09:41:16","modified_gmt":"2023-05-26T07:41:16","slug":"cgv","status":"publish","type":"page","link":"https:\/\/atelierdespetitessouris.com\/index.php\/cgv\/","title":{"rendered":"CGV"},"content":{"rendered":"\n<p class=\"has-normal-font-size\"><strong>Applicables \u00e0 compter du 25 mai 2023<\/strong><\/p>\n\n\n\n<p class=\"has-medium-font-size\"><strong>Clause n\u00b01 : Objet et champ d&rsquo;application<\/strong><\/p>\n\n\n\n<p>Les conditions g\u00e9n\u00e9rales de vente d\u00e9crites ci-apr\u00e8s d\u00e9taillent les droits et obligations de l&rsquo;auto-entreprise Val\u00e9rie Mistre &#8211; L&rsquo;Atelier des Petites Souris &#8211; 91 rue Nationale, 06640 Saint-Jeannet et de son client dans le cadre de la vente des prestations de services suivantes : Ateliers de loisirs cr\u00e9atifs et atelier de dessin M\u00e9thode Helguy.<\/p>\n\n\n\n<p>Toute acceptation de devis en ce compris la clause \u00ab\u00a0Je reconnais avoir pris connaissance et j&rsquo;accepte les conditions g\u00e9n\u00e9rales de vente ci-annex\u00e9es\u00a0\u00bb implique l&rsquo;adh\u00e9sion sans r\u00e9serve de l&rsquo;acheteur aux pr\u00e9sentes conditions g\u00e9n\u00e9rales de vente.<\/p>\n\n\n\n<p>Est consid\u00e9r\u00e9 comme client les particuliers, et toutes les autres structures autres qu&rsquo;un particulier : les professionnels, les collectivit\u00e9s, les associations, les \u00e9coles, les \u00e9tablissements de sant\u00e9 ou autres organismes.<\/p>\n\n\n\n<p class=\"has-medium-font-size\"><strong>Clause n\u00b02 : Prix<\/strong><\/p>\n\n\n\n<p>Les prix sont indiqu\u00e9s en euros. La TVA est non applicable, art. 293 B du CGI.<\/p>\n\n\n\n<p>L&rsquo;auto-entreprise Val\u00e9rie Mistre &#8211; L&rsquo;Atelier des Petites Souris &#8211; s&rsquo;accorde le croit de modifier ses tarifs \u00e0 tout moment. Toutefois, elle s&rsquo;engage \u00e0 facturer les prestations aux prix indiqu\u00e9s lors de la r\u00e9servation ou de l&rsquo;\u00e9mission du devis.<\/p>\n\n\n\n<p>Pour les particuliers les prix des ateliers de loisirs cr\u00e9atifs et de dessin M\u00e9thode Helguy que j&rsquo;organise sont :<\/p>\n\n\n\n<ul class=\"wp-block-list\">\n<li>25 euros pour trois heures d&rsquo;atelier<\/li>\n\n\n\n<li>18 euros pour deux heures d&rsquo;atelier<\/li>\n\n\n\n<li>12 euros pour une heure d&rsquo;atelier<\/li>\n<\/ul>\n\n\n\n<p>Toutes demades sp\u00e9cifiques d&rsquo;un particulier ou prestaion au domicile d&rsquo;un particulier fera l&rsquo;objet d&rsquo;une offre de prix sur mesure sous forme d&rsquo;un devis.<\/p>\n\n\n\n<p>Toutes prestations effecu\u00e9es pour des professionnels, des collectivit\u00e9s, des associations, des \u00e9coles, des \u00e9tablissements de sant\u00e9 ou autres organismes fera l&rsquo;objet d&rsquo;une offre de prix sur mesure sous la forme d&rsquo;un devis. Un contrat de service pourra \u00e9galement \u00eatre \u00e9tabli entre le client et l&rsquo;auto-entreprise Val\u00e9rie Mistre &#8211; L&rsquo;Atelier des Petites Souris.<\/p>\n\n\n\n<p class=\"has-medium-font-size\"><strong>Clause n\u00b03 : Rabais, ristournes et remises<\/strong><\/p>\n\n\n\n<p>Une remise de 20% pourra \u00eatre effectu\u00e9e sur le prix de l&rsquo;atelier pour le particulier recevant l&rsquo;atelier \u00e0 son domicile.<\/p>\n\n\n\n<p>Pour les prestations effectu\u00e9es pour les particuliers venant par R\u00e9cr\u00e9anice une remise de 10% sera appliqu\u00e9e.<\/p>\n\n\n\n<p class=\"has-medium-font-size\"><strong>Clause n\u00b04 : Escompte<\/strong><\/p>\n\n\n\n<p>Aucun escompte ne serao consenti en cas de paiement anticip\u00e9.<\/p>\n\n\n\n<p class=\"has-medium-font-size\"><strong>Clause n\u00b05 : Modalit\u00e9 de paiement<\/strong><\/p>\n\n\n\n<p>Pour les particuliers le paiement s&rsquo;effectue soit par esp\u00e8ce, soit par ch\u00e8que. Le r\u00e9glement s&rsquo;effectue le jour de l&rsquo;execution de la prestation.<\/p>\n\n\n\n<p>Pour toutes les autres structures autres qu&rsquo;un particulier ,comme d\u00e9finit \u00e0 la clause n\u00b01, le paiement s&rsquo;effectue par ch\u00e8que ou par virement bancaire. Les r\u00e9glements seront effectu\u00e9s aux conditions suivantes : Paiement \u00e0 30 jours suivant l&rsquo;ex\u00e9cution de la prestaion.<\/p>\n\n\n\n<p class=\"has-medium-font-size\"><strong>Clause n\u00b06 : Retard de paiement<\/strong><\/p>\n\n\n\n<p>En cas de d\u00e9faut de paiement total ou partiel des prestations ex\u00e9cut\u00e9es, le client doit vers\u00e9 \u00e0 l&rsquo;auto-entreprise Val\u00e9rie Mistre &#8211; L&rsquo;Atelier des Petites Souris- &#8211; une p\u00e9nalit\u00e9 de retard de 10%. Cette p\u00e9nalit\u00e9 a \u00e9t\u00e9 d\u00e9finit en fonction du taux d&rsquo;int\u00e9r\u00eat l\u00e9gal.<\/p>\n\n\n\n<p>Le taux d&rsquo;int\u00e9r\u00eat l\u00e9gal retenu est celui en vigueur au jour de l&rsquo;execution de la prestation de service.<\/p>\n\n\n\n<p>A compter du 1er janvier 2015, le taux d&rsquo;int\u00e9r\u00eats l\u00e9gal sera r\u00e9vis\u00e9 tous les 6 mois ( Ordonance n\u00b02014-947 du 20 ao\u00fbt 2014).<\/p>\n\n\n\n<p>Cette p\u00e9nalit\u00e9 est calcul\u00e9 sur le montant de la somme restant due, et court \u00e0 compter de la date d&rsquo;\u00e9ch\u00e9ance du prix sans qu&rsquo;aucune mise en demeure pr\u00e9alable ne soit n\u00e9c\u00e9ssaire.<\/p>\n\n\n\n<p>En sus des indemnit\u00e9s de retard non pay\u00e9e \u00e0 sa date d&rsquo;exigibilit\u00e9 produira de plein droit le paiement d&rsquo;une indemnit\u00e9 forfaitaire de 40 euros due au titre des frais de recouvrement.<\/p>\n\n\n\n<p>Article 441 &#8211; 10 et D. 441 &#8211; 5 du code du commerce.<\/p>\n\n\n\n<p class=\"has-medium-font-size\"><strong>Clause n\u00b07 : Ex\u00e9cution de la prestation<\/strong><\/p>\n\n\n\n<p>Pour les ateliers organis\u00e9 par l&rsquo;auto-entreprise Val\u00e9rie Mistre &#8211; L&rsquo;Atelier des Petites Souris &#8211; La prestation sera ex\u00e9cut\u00e9e \u00e0 la date et au lieu indiqu\u00e9s sur les diff\u00e9rents supports publicitaires num\u00e9riques et papiers.<\/p>\n\n\n\n<p>Pour les prestations oragnis\u00e9es \u00e0 la demande d&rsquo;un particulier ou de toutes autres structures autres qu&rsquo;un particulier, comme d\u00e9finit \u00e0 la clause n\u00b01, la date et le lieu des ateliers seront d\u00e9finit entre le client et l&rsquo;auto-entreprise Val\u00e9rie Mistre &#8211; L&rsquo;Atelier des Petites Souris.<\/p>\n\n\n\n<p class=\"has-medium-font-size\"><strong>Clause n\u00b08 :  Acompte et arrhes<\/strong><\/p>\n\n\n\n<p>Aucun acompte ni arrhes ne seront demad\u00e9s pour la r\u00e9servation d&rsquo;une prestation ou lors d&rsquo;un contrat de service.<\/p>\n\n\n\n<p class=\"has-medium-font-size\"><strong>Clause n\u00b09 : Force majeure<\/strong><\/p>\n\n\n\n<p>La responsabilit\u00e9 de l&rsquo;auto-entreprise Val\u00e9rie Mistre &#8211; L&rsquo;Atelier des Petites Souris ne pourra pas \u00eatre remise en oeuvre si la non ex\u00e9cutionnou le retard dans l&rsquo;ex\u00e9cution de l&rsquo;une de ses obligations d\u00e9crites dans les pr\u00e9sentes conditions g\u00e9n\u00e9rales de vente d\u00e9coule d&rsquo;un cas de force majeure. A ce titre, la force majeure s&rsquo;entend de tout \u00e9v\u00e9nement ext\u00e9rieur, impr\u00e9visible et irr\u00e9sistible au sens de l&rsquo;article 1148 de Code civil.<\/p>\n\n\n\n<p class=\"has-medium-font-size\"><strong>Clause n\u00b010 : Tribunal comp\u00e9tent<\/strong><\/p>\n\n\n\n<p>Tout litige relatif \u00e0 l&rsquo;interpr\u00e9tation et \u00e0 l&rsquo;ex\u00e9cution des pr\u00e9sentes conditions g\u00e9n\u00e9rales de vente est soumis au droit fran\u00e7ais.<\/p>\n\n\n\n<p>A d\u00e9faut de r\u00e9solution \u00e0 l&rsquo;amiable, le litige sera prot\u00e9 devant le tribunal de commerce de Grasse, 37 avenue Pierre Semard, 06133 GRASSE <\/p>\n\n\n\n<p><\/p>\n\n\n\n<p><\/p>\n\n\n\n<p><\/p>\n\n\n\n<p><\/p>\n","protected":false},"excerpt":{"rendered":"<p>Applicables \u00e0 compter du 25 mai 2023 Clause n\u00b01 : Objet et champ d&rsquo;application Les conditions g\u00e9n\u00e9rales de vente d\u00e9crites&hellip;<\/p>\n","protected":false},"author":1,"featured_media":0,"parent":0,"menu_order":0,"comment_status":"closed","ping_status":"closed","template":"","meta":{"footnotes":""},"class_list":["post-202","page","type-page","status-publish","hentry"],"_links":{"self":[{"href":"https:\/\/atelierdespetitessouris.com\/index.php\/wp-json\/wp\/v2\/pages\/202","targetHints":{"allow":["GET"]}}],"collection":[{"href":"https:\/\/atelierdespetitessouris.com\/index.php\/wp-json\/wp\/v2\/pages"}],"about":[{"href":"https:\/\/atelierdespetitessouris.com\/index.php\/wp-json\/wp\/v2\/types\/page"}],"author":[{"embeddable":true,"href":"https:\/\/atelierdespetitessouris.com\/index.php\/wp-json\/wp\/v2\/users\/1"}],"replies":[{"embeddable":true,"href":"https:\/\/atelierdespetitessouris.com\/index.php\/wp-json\/wp\/v2\/comments?post=202"}],"version-history":[{"count":3,"href":"https:\/\/atelierdespetitessouris.com\/index.php\/wp-json\/wp\/v2\/pages\/202\/revisions"}],"predecessor-version":[{"id":212,"href":"https:\/\/atelierdespetitessouris.com\/index.php\/wp-json\/wp\/v2\/pages\/202\/revisions\/212"}],"wp:attachment":[{"href":"https:\/\/atelierdespetitessouris.com\/index.php\/wp-json\/wp\/v2\/media?parent=202"}],"curies":[{"name":"wp","href":"https:\/\/api.w.org\/{rel}","templated":true}]}}